{"id":83,"date":"2015-02-15T21:04:09","date_gmt":"2015-02-15T19:04:09","guid":{"rendered":"http:\/\/www.tsk-imperialwien.at\/?page_id=83"},"modified":"2019-07-08T06:45:40","modified_gmt":"2019-07-08T04:45:40","slug":"link-sammlung","status":"publish","type":"page","link":"https:\/\/www.tsk-imperialwien.at\/?page_id=83","title":{"rendered":"Link-Sammlung"},"content":{"rendered":"<hr>\n<h3>Links zum Turniergeschehen:<\/h3>\n<table>\n<tbody>\n<tr>\n<td>\n                <a title=\"Turniere im Grenzverkehr bei unseren Nachbarn.\" href=\"https:\/\/www.tanzsport.de\/de\/sportwelt\/standard-und-latein\/turnierdatenbank\" target=\"_blank\" rel=\"noopener noreferrer\"><br \/>\n<img loading=\"lazy\" decoding=\"async\" width=\"100\" height=\"57\" class=\"alignnone wp-image-85\" alt=\"flag_germany\" src=\"https:\/\/www.tsk-imperialwien.at\/wp-content\/uploads\/2015\/02\/flag_germany-300x169.jpg\" srcset=\"https:\/\/www.tsk-imperialwien.at\/wp-content\/uploads\/2015\/02\/flag_germany-300x169.jpg 300w, https:\/\/www.tsk-imperialwien.at\/wp-content\/uploads\/2015\/02\/flag_germany-1024x576.jpg 1024w, https:\/\/www.tsk-imperialwien.at\/wp-content\/uploads\/2015\/02\/flag_germany.jpg 1920w\" sizes=\"auto, (max-width: 100px) 100vw, 100px\" \/><br \/>\n<\/a>Deutsche Turnierdatenbank<\/td>\n<td>\n                <a title=\"Kalender zu den Turnieren der WDSF.\" href=\"http:\/\/www.worlddancesport.org\/Calendar\/Competition\/Upcoming\" target=\"_blank\" rel=\"noopener noreferrer\"><br \/>\n<img loading=\"lazy\" decoding=\"async\" width=\"100\" height=\"57\" class=\"alignnone wp-image-86\" alt=\"flag_wdsf\" src=\"https:\/\/www.tsk-imperialwien.at\/wp-content\/uploads\/2015\/02\/flag_wdsf-300x169.jpg\" srcset=\"https:\/\/www.tsk-imperialwien.at\/wp-content\/uploads\/2015\/02\/flag_wdsf-300x169.jpg 300w, https:\/\/www.tsk-imperialwien.at\/wp-content\/uploads\/2015\/02\/flag_wdsf-1024x576.jpg 1024w, https:\/\/www.tsk-imperialwien.at\/wp-content\/uploads\/2015\/02\/flag_wdsf.jpg 1920w\" sizes=\"auto, (max-width: 100px) 100vw, 100px\" \/><br \/>\n<\/a>Event-Kalender der WDSF<\/td>\n<td><\/td>\n<\/tr>\n<tr>\n<td><\/td>\n<td>\n                <a title=\"Berechnung der Aufstiegspunkte in die n\u00e4chsth\u00f6here Leistungsklasse.\" href=\"http:\/\/www.tanzsportverband.at\/turnierkartei\/punkterechner.html\" target=\"_blank\" rel=\"noopener noreferrer\"><br \/>\n<img loading=\"lazy\" decoding=\"async\" width=\"100\" height=\"32\" class=\"alignnone wp-image-92\" alt=\"link_otsv_punkterechner\" src=\"https:\/\/www.tsk-imperialwien.at\/wp-content\/uploads\/2015\/02\/link_otsv_punkterechner.jpg\"><br \/>\n<\/a>\u00d6TSV<br \/>\nPunkterechner<\/td>\n<td>\n                <a title=\"Punktegrenzen fr\u00fc den Aufstieg in die n\u00e4chsth\u00f6here Leistungsklasse.\" href=\"http:\/\/www.tanzsportverband.at\/punktegrenzen.html\" target=\"_blank\" rel=\"noopener noreferrer\"><br \/>\n<img loading=\"lazy\" decoding=\"async\" width=\"100\" height=\"32\" class=\"alignnone wp-image-92\" alt=\"link_otsv_punkterechner\" src=\"https:\/\/www.tsk-imperialwien.at\/wp-content\/uploads\/2015\/02\/link_otsv_punkterechner.jpg\"><br \/>\n<\/a>\u00d6TSV Punktegrenzen<\/td>\n<\/tr>\n<\/tbody>\n<\/table>\n<hr>\n<h3>Links rund um das Tanzen:<\/h3>\n<table>\n<tbody>\n<tr>\n<td>\n                <a title=\"Aus fachm\u00e4nnischer Hand: Alles rund um Bekleidung f\u00fcr den Turniertanz.\" href=\"http:\/\/www.dance-design.at\" target=\"_blank\" rel=\"noopener noreferrer\"><br \/>\n<img loading=\"lazy\" decoding=\"async\" width=\"100\" height=\"32\" class=\"alignnone wp-image-88\" alt=\"link_danceanddesign\" src=\"https:\/\/www.tsk-imperialwien.at\/wp-content\/uploads\/2015\/02\/link_danceanddesign.jpg\"><br \/>\n<\/a>Dance<br \/>\n&amp; Design<\/td>\n<td>\n                <a title=\"Die beste Tanzmusik f\u00fcr jede Veranstaltung.\" href=\"http:\/\/www.maymusic.at\/\" target=\"_blank\" rel=\"noopener noreferrer\"><br \/>\n<img loading=\"lazy\" decoding=\"async\" width=\"100\" height=\"32\" class=\"alignnone wp-image-91\" alt=\"link_maymusic\" src=\"https:\/\/www.tsk-imperialwien.at\/wp-content\/uploads\/2015\/02\/link_maymusic.jpg\"><br \/>\n<\/a>May-Music<\/td>\n<td>\n                <a title=\"Die wissen wirklich Alles \u00fcber Jeden.\" href=\"http:\/\/de.dancesportinfo.net\/\" target=\"_blank\" rel=\"noopener noreferrer\"><br \/>\n<img loading=\"lazy\" decoding=\"async\" width=\"100\" height=\"32\" class=\"alignnone wp-image-90\" alt=\"link_dancesportinfo\" src=\"https:\/\/www.tsk-imperialwien.at\/wp-content\/uploads\/2015\/02\/link_dancesportinfo.jpg\"><br \/>\n<\/a>Weltweite<br \/>\nTanzpaar-Datenbank<\/td>\n<\/tr>\n<tr>\n<td>\n                <a title=\"Informationssammlung zum Thema Tanzsport von Bekleidung bis Ergebnissen.\" href=\"http:\/\/www.danceplaza.com\/\" target=\"_blank\" rel=\"noopener noreferrer\"><br \/>\n<img loading=\"lazy\" decoding=\"async\" width=\"100\" height=\"32\" class=\"alignnone wp-image-89\" alt=\"link_danceplaza\" src=\"https:\/\/www.tsk-imperialwien.at\/wp-content\/uploads\/2015\/02\/link_danceplaza.jpg\"><br \/>\n<\/a>Information<br \/>\nWeltweit<\/td>\n<td>\n                <a title=\"Da Andy May nicht \u00fcberall sein kann: Hier bekommst Du fast alle Tanzmusik.\" href=\"http:\/\/www.casa-musica-shop.de\/\" target=\"_blank\" rel=\"noopener noreferrer\"><br \/>\n<img loading=\"lazy\" decoding=\"async\" width=\"100\" height=\"32\" class=\"alignnone wp-image-87\" alt=\"link_casamusica\" src=\"https:\/\/www.tsk-imperialwien.at\/wp-content\/uploads\/2015\/02\/link_casamusica.jpg\"><br \/>\n<\/a>Tanzmusik<\/td>\n<td><\/td>\n<\/tr>\n<\/tbody>\n<\/table>\n","protected":false},"excerpt":{"rendered":"<p>Links zum Turniergeschehen: Deutsche Turnierdatenbank Event-Kalender der WDSF \u00d6TSV Punkterechner \u00d6TSV Punktegrenzen Links rund um das Tanzen: Dance &amp; Design May-Music Weltweite Tanzpaar-Datenbank Information Weltweit Tanzmusik<\/p>\n","protected":false},"author":1,"featured_media":0,"parent":0,"menu_order":0,"comment_status":"closed","ping_status":"closed","template":"","meta":{"footnotes":""},"class_list":["post-83","page","type-page","status-publish","hentry"],"_links":{"self":[{"href":"https:\/\/www.tsk-imperialwien.at\/index.php?rest_route=\/wp\/v2\/pages\/83","targetHints":{"allow":["GET"]}}],"collection":[{"href":"https:\/\/www.tsk-imperialwien.at\/index.php?rest_route=\/wp\/v2\/pages"}],"about":[{"href":"https:\/\/www.tsk-imperialwien.at\/index.php?rest_route=\/wp\/v2\/types\/page"}],"author":[{"embeddable":true,"href":"https:\/\/www.tsk-imperialwien.at\/index.php?rest_route=\/wp\/v2\/users\/1"}],"replies":[{"embeddable":true,"href":"https:\/\/www.tsk-imperialwien.at\/index.php?rest_route=%2Fwp%2Fv2%2Fcomments&post=83"}],"version-history":[{"count":24,"href":"https:\/\/www.tsk-imperialwien.at\/index.php?rest_route=\/wp\/v2\/pages\/83\/revisions"}],"predecessor-version":[{"id":3938,"href":"https:\/\/www.tsk-imperialwien.at\/index.php?rest_route=\/wp\/v2\/pages\/83\/revisions\/3938"}],"wp:attachment":[{"href":"https:\/\/www.tsk-imperialwien.at\/index.php?rest_route=%2Fwp%2Fv2%2Fmedia&parent=83"}],"curies":[{"name":"wp","href":"https:\/\/api.w.org\/{rel}","templated":true}]}}