{"id":68,"date":"2015-02-15T19:44:38","date_gmt":"2015-02-15T17:44:38","guid":{"rendered":"http:\/\/www.tsk-imperialwien.at\/?page_id=68"},"modified":"2020-02-13T07:23:32","modified_gmt":"2020-02-13T06:23:32","slug":"impressum","status":"publish","type":"page","link":"https:\/\/www.tsk-imperialwien.at\/?page_id=68","title":{"rendered":"Impressum"},"content":{"rendered":"<h2>Medieninhaber und Herausgeber:<\/h2>\n<p><span style=\"color: #ff0000;\"><strong>ATSC Imperial Wien<\/strong><\/span><br \/>\nZVR &#8211; 627490831<br \/>\n<b>Vereinspr\u00e4sident:<\/b> Hermann G\u00f6tz<\/p>\n<p><span style=\"color: #ff0000;\"><strong>TSK Viktoria Wien<\/strong><\/span><br \/>\nZVR &#8211; 598451189<br \/>\n<b>Vereinspr\u00e4sident:<\/b> Martin Branc<br \/>\n&nbsp;<\/p>\n<p><span style=\"color: #ff0000;\"><strong>Adresse: <\/strong><\/span>Wei\u00dfgasse 33, 1170 Wien<br \/>\n<span style=\"color: #ff0000;\"><strong>Telefon: <\/strong><\/span>+43 (1) 486 32 23<br \/>\n<span style=\"color: #ff0000;\"><strong>E-Mail: <\/strong><\/span>imperial@fun2u.at<\/p>\n<p><span style=\"color: #ff0000;\"><strong>Internetauftritt, Inhalt und Design:<br \/>\n<\/strong><\/span><b>Martin Branc<br \/>\n<\/b>Lannesstra\u00dfe 113, Parz 289, 1220 Wien<br \/>\nE-Mail: mb@fun2u.at<\/p>\n<p><a href=\"https:\/\/www.tsk-imperialwien.at\/wp-content\/uploads\/2018\/05\/Erkl\u00e4rung-zur-Informationspflicht-Datenschutz.pdf\">Datenschutzerkl\u00e4rung<\/a><\/p>\n","protected":false},"excerpt":{"rendered":"<p>Medieninhaber und Herausgeber: ATSC Imperial Wien ZVR &#8211; 627490831 Vereinspr\u00e4sident: Hermann G\u00f6tz TSK Viktoria Wien ZVR &#8211; 598451189 Vereinspr\u00e4sident: Martin Branc &nbsp; Adresse: Wei\u00dfgasse 33, 1170 Wien Telefon: +43 (1) 486 32 23 E-Mail: imperial@fun2u.at Internetauftritt, Inhalt und Design: Martin Branc Lannesstra\u00dfe 113, Parz 289, 1220 Wien E-Mail: mb@fun2u.at Datenschutzerkl\u00e4rung<\/p>\n","protected":false},"author":1,"featured_media":0,"parent":0,"menu_order":0,"comment_status":"closed","ping_status":"closed","template":"","meta":{"footnotes":""},"class_list":["post-68","page","type-page","status-publish","hentry"],"_links":{"self":[{"href":"https:\/\/www.tsk-imperialwien.at\/index.php?rest_route=\/wp\/v2\/pages\/68","targetHints":{"allow":["GET"]}}],"collection":[{"href":"https:\/\/www.tsk-imperialwien.at\/index.php?rest_route=\/wp\/v2\/pages"}],"about":[{"href":"https:\/\/www.tsk-imperialwien.at\/index.php?rest_route=\/wp\/v2\/types\/page"}],"author":[{"embeddable":true,"href":"https:\/\/www.tsk-imperialwien.at\/index.php?rest_route=\/wp\/v2\/users\/1"}],"replies":[{"embeddable":true,"href":"https:\/\/www.tsk-imperialwien.at\/index.php?rest_route=%2Fwp%2Fv2%2Fcomments&post=68"}],"version-history":[{"count":9,"href":"https:\/\/www.tsk-imperialwien.at\/index.php?rest_route=\/wp\/v2\/pages\/68\/revisions"}],"predecessor-version":[{"id":4069,"href":"https:\/\/www.tsk-imperialwien.at\/index.php?rest_route=\/wp\/v2\/pages\/68\/revisions\/4069"}],"wp:attachment":[{"href":"https:\/\/www.tsk-imperialwien.at\/index.php?rest_route=%2Fwp%2Fv2%2Fmedia&parent=68"}],"curies":[{"name":"wp","href":"https:\/\/api.w.org\/{rel}","templated":true}]}}