{"id":66,"date":"2015-02-15T19:37:04","date_gmt":"2015-02-15T17:37:04","guid":{"rendered":"http:\/\/www.tsk-imperialwien.at\/?page_id=66"},"modified":"2020-02-13T07:27:17","modified_gmt":"2020-02-13T06:27:17","slug":"kontakt","status":"publish","type":"page","link":"https:\/\/www.tsk-imperialwien.at\/?page_id=66","title":{"rendered":"Kontakt"},"content":{"rendered":"<h3>Vielen Dank f\u00fcr Deinen Besuch!<\/h3>\n<p>Wir freuen uns sehr \u00fcber Dein Interesse an unserem Tanzsportklub. Du kannst uns per <a href=\"mailto:imperial@fun2u.at\">E-Mail <\/a>erreichen oder nat\u00fcrlich auch direkt bei uns im Klub vorbeikommen. Wir sind f\u00fcr Ausk\u00fcnfte und ein unverbindliches Hineinschnuppern nahezu jeden Montag f\u00fcr Dich da (Bitte vorher einfach anrufen: +43 664 8131580).<\/p>\n<p>Wir freuen uns auf Dein Kommen.<\/p>\n","protected":false},"excerpt":{"rendered":"<p>Vielen Dank f\u00fcr Deinen Besuch! Wir freuen uns sehr \u00fcber Dein Interesse an unserem Tanzsportklub. Du kannst uns per E-Mail erreichen oder nat\u00fcrlich auch direkt bei uns im Klub vorbeikommen. Wir sind f\u00fcr Ausk\u00fcnfte und ein unverbindliches Hineinschnuppern nahezu jeden Montag f\u00fcr Dich da (Bitte vorher einfach anrufen: +43 664 8131580). Wir freuen uns auf Dein Kommen.<\/p>\n","protected":false},"author":1,"featured_media":0,"parent":0,"menu_order":0,"comment_status":"closed","ping_status":"closed","template":"","meta":{"footnotes":""},"class_list":["post-66","page","type-page","status-publish","hentry"],"_links":{"self":[{"href":"https:\/\/www.tsk-imperialwien.at\/index.php?rest_route=\/wp\/v2\/pages\/66","targetHints":{"allow":["GET"]}}],"collection":[{"href":"https:\/\/www.tsk-imperialwien.at\/index.php?rest_route=\/wp\/v2\/pages"}],"about":[{"href":"https:\/\/www.tsk-imperialwien.at\/index.php?rest_route=\/wp\/v2\/types\/page"}],"author":[{"embeddable":true,"href":"https:\/\/www.tsk-imperialwien.at\/index.php?rest_route=\/wp\/v2\/users\/1"}],"replies":[{"embeddable":true,"href":"https:\/\/www.tsk-imperialwien.at\/index.php?rest_route=%2Fwp%2Fv2%2Fcomments&post=66"}],"version-history":[{"count":4,"href":"https:\/\/www.tsk-imperialwien.at\/index.php?rest_route=\/wp\/v2\/pages\/66\/revisions"}],"predecessor-version":[{"id":4070,"href":"https:\/\/www.tsk-imperialwien.at\/index.php?rest_route=\/wp\/v2\/pages\/66\/revisions\/4070"}],"wp:attachment":[{"href":"https:\/\/www.tsk-imperialwien.at\/index.php?rest_route=%2Fwp%2Fv2%2Fmedia&parent=66"}],"curies":[{"name":"wp","href":"https:\/\/api.w.org\/{rel}","templated":true}]}}