{"id":60,"date":"2015-02-15T19:33:00","date_gmt":"2015-02-15T17:33:00","guid":{"rendered":"http:\/\/www.tsk-imperialwien.at\/?page_id=60"},"modified":"2023-01-07T18:17:16","modified_gmt":"2023-01-07T17:17:16","slug":"gruppenschulungen","status":"publish","type":"page","link":"https:\/\/www.tsk-imperialwien.at\/?page_id=60","title":{"rendered":"Gruppenschulung"},"content":{"rendered":"<h2>Latein<\/h2>\n<p>W\u00f6chentlich am Montag, von 19:00 bis 20:00<br \/>\n<strong>Trainerin: Heidi G\u00f6tz<\/strong><\/p>\n<p><strong>F\u00fcr wen?<\/strong><br \/>\nAnf\u00e4nger und Breitensport (und nat\u00fcrlich jeder der sonst m\u00f6chte).<\/p>\n<p><strong>Was kann ich speziell hier erlernen?<\/strong><br \/>\nHarmonische Bewegungen zur Musik (Rumba),&nbsp; aber auch Power (Jive, Samba) und dominieren-pr\u00e4sentieren (Paso Doble) mehr als nur k\u00f6rperliche und geistige Fitness, kontrolliertes tanzen durch Balance uvm&#8230;.<\/p>\n<h2>Standard<\/h2>\n<p>W\u00f6chentlich am Montag, von 20:00 bis 21:00<br \/>\n<strong>Trainerin: Hermann G\u00f6tz<\/strong><\/p>\n<p><strong>F\u00fcr wen?<\/strong><br \/>\nAnf\u00e4nger und Breitensport (und nat\u00fcrlich jeder der sonst m\u00f6chte).<\/p>\n<p><strong>Was kann ich speziell hier erlernen?<\/strong><br \/>\nErarbeitung der Unterschiede zwischen den Schwungt\u00e4nzen (Langsamer Walzer, Wiener Walzer, Slowfox und Quickstep) und progressiven T\u00e4nzen (Tango) und &#8211; wie auch in Latein &#8211; mehr als nur k\u00f6rperliche und geistige Fitness, kontrolliertes tanzen durch Balance uvm&#8230;.<\/p>\n<h2>Standard &#8211; Turniergruppe<\/h2>\n<p>W\u00f6chentlich am Donnerstag, von 20:00 bis 21:00<br \/>\n<strong>Trainerin: Hermann G\u00f6tz<\/strong><br \/>\nACHTUNG: Der Termin kommt nur dann zustande, wenn bis zum jeweiligen Donnerstag um 09:00 mindestens drei Turnierpaare im Kalender zu dieser Stunde eingetragen sind.<\/p>\n<p><strong>F\u00fcr wen?<\/strong><br \/>\nAktive Turniert\u00e4nzer.<\/p>\n<p><strong>Was kann ich speziell hier erlernen?<\/strong><br \/>\nVerfeinerung der bereits bekannten Bewegungsabl\u00e4ufe, Richtungen im Raum, Koordination der eigenen Bewegung und der Bewegung als Paar uvm.<\/p>\n","protected":false},"excerpt":{"rendered":"<p>Latein W\u00f6chentlich am Montag, von 19:00 bis 20:00 Trainerin: Heidi G\u00f6tz F\u00fcr wen? Anf\u00e4nger und Breitensport (und nat\u00fcrlich jeder der sonst m\u00f6chte). Was kann ich speziell hier erlernen? Harmonische Bewegungen zur Musik (Rumba),&nbsp; aber auch Power (Jive, Samba) und dominieren-pr\u00e4sentieren (Paso Doble) mehr als nur k\u00f6rperliche und geistige Fitness, kontrolliertes tanzen durch Balance uvm&#8230;. Standard W\u00f6chentlich am Montag, von 20:00 bis 21:00 Trainerin: Hermann G\u00f6tz F\u00fcr wen? Anf\u00e4nger und Breitensport (und nat\u00fcrlich jeder der sonst m\u00f6chte). Was kann ich speziell hier erlernen? Erarbeitung der Unterschiede zwischen den Schwungt\u00e4nzen (Langsamer Walzer, Wiener Walzer, Slowfox und Quickstep) und progressiven T\u00e4nzen (Tango) und &#8211; wie auch in Latein &#8211; mehr als nur k\u00f6rperliche und geistige Fitness, kontrolliertes tanzen durch Balance uvm&#8230;. Standard &#8211; Turniergruppe W\u00f6chentlich am Donnerstag, von 20:00 bis 21:00 Trainerin: Hermann G\u00f6tz ACHTUNG: Der Termin kommt nur dann zustande, wenn bis zum jeweiligen Donnerstag um 09:00 mindestens drei Turnierpaare im Kalender zu dieser Stunde eingetragen sind. F\u00fcr wen? Aktive Turniert\u00e4nzer. Was kann ich speziell hier erlernen? Verfeinerung der bereits bekannten Bewegungsabl\u00e4ufe, Richtungen im Raum, Koordination der eigenen Bewegung und der Bewegung als Paar uvm.<\/p>\n","protected":false},"author":1,"featured_media":0,"parent":58,"menu_order":0,"comment_status":"closed","ping_status":"closed","template":"","meta":{"footnotes":""},"class_list":["post-60","page","type-page","status-publish","hentry"],"_links":{"self":[{"href":"https:\/\/www.tsk-imperialwien.at\/index.php?rest_route=\/wp\/v2\/pages\/60","targetHints":{"allow":["GET"]}}],"collection":[{"href":"https:\/\/www.tsk-imperialwien.at\/index.php?rest_route=\/wp\/v2\/pages"}],"about":[{"href":"https:\/\/www.tsk-imperialwien.at\/index.php?rest_route=\/wp\/v2\/types\/page"}],"author":[{"embeddable":true,"href":"https:\/\/www.tsk-imperialwien.at\/index.php?rest_route=\/wp\/v2\/users\/1"}],"replies":[{"embeddable":true,"href":"https:\/\/www.tsk-imperialwien.at\/index.php?rest_route=%2Fwp%2Fv2%2Fcomments&post=60"}],"version-history":[{"count":9,"href":"https:\/\/www.tsk-imperialwien.at\/index.php?rest_route=\/wp\/v2\/pages\/60\/revisions"}],"predecessor-version":[{"id":4458,"href":"https:\/\/www.tsk-imperialwien.at\/index.php?rest_route=\/wp\/v2\/pages\/60\/revisions\/4458"}],"up":[{"embeddable":true,"href":"https:\/\/www.tsk-imperialwien.at\/index.php?rest_route=\/wp\/v2\/pages\/58"}],"wp:attachment":[{"href":"https:\/\/www.tsk-imperialwien.at\/index.php?rest_route=%2Fwp%2Fv2%2Fmedia&parent=60"}],"curies":[{"name":"wp","href":"https:\/\/api.w.org\/{rel}","templated":true}]}}