{"id":47,"date":"2015-02-15T19:12:15","date_gmt":"2015-02-15T17:12:15","guid":{"rendered":"http:\/\/www.tsk-imperialwien.at\/?page_id=47"},"modified":"2022-01-30T15:56:23","modified_gmt":"2022-01-30T14:56:23","slug":"staatsmeister","status":"publish","type":"page","link":"https:\/\/www.tsk-imperialwien.at\/?page_id=47","title":{"rendered":"Staatsmeister"},"content":{"rendered":"<p>Auch in den h\u00f6chsten Klassen des \u00f6sterreichischen Tanzsportes konnten Paare des ATSC-Imperial Wien immer wieder ganz vorne mitmischen:<\/p>\n<h2>in den Standard-T\u00e4nzen:<\/h2>\n<p>1975: Helga Volpe &#8211; Angelo Volpe<br \/>\n1976: Helga Volpe &#8211; Angelo Volpe<br \/>\n1977: Helga Volpe &#8211; Angelo Volpe<br \/>\n1983: Karin Schl\u00fcter &#8211; Michael Herdlitzka<br \/>\n1984: Karin Schl\u00fcter &#8211; Michael Herdlitzka<br \/>\n1998: Agnes Twaroch &#8211; Christian Krenthaller<br \/>\n1999: Agnes Twaroch &#8211; Christian Krenthaller<br \/>\n2000: Agnes Twaroch &#8211; Christian Krenthaller<br \/>\n2012: Steffanie Krausz &#8211; Markus Hackl<br \/>\n2013: Steffanie Krausz &#8211; Markus Hackl<\/p>\n<h2>in der Kombination (10-T\u00e4nze):<\/h2>\n<p>1982: Karin Schl\u00fcter &#8211; Michael Herdlitzka<br \/>\n1983: Karin Schl\u00fcter &#8211; Michael Herdlitzka<br \/>\n1984: Karin Schl\u00fcter &#8211; Michael Herdlitzka<br \/>\n2012: Steffanie Krausz &#8211; Markus Hackl<br \/>\n2013: Steffanie Krausz &#8211; Markus Hackl<br \/>\n2014: Steffanie Krausz &#8211; Markus Hackl<br \/>\n2019: Karina Shpakovskaya &#8211; Andrii Kamyshnyi<\/p>\n<h2>in den Lateinamerikanischen T\u00e4nzen:<\/h2>\n<p>2014: Katharina W\u00fcrrer &#8211; Gustavs Ernests Arjas<br \/>\n2015: Katharina W\u00fcrrer &#8211; Gustavs Ernests Arjas<br \/>\n2016: Katharina W\u00fcrrer &#8211; Gustavs Ernests Arjas<br \/>\n2017: Katharina W\u00fcrrer &#8211; Gustavs Ernests Arjas<br \/>\n2018: Katharina W\u00fcrrer &#8211; Gustavs Ernests Arjas<\/p>\n","protected":false},"excerpt":{"rendered":"<p>Auch in den h\u00f6chsten Klassen des \u00f6sterreichischen Tanzsportes konnten Paare des ATSC-Imperial Wien immer wieder ganz vorne mitmischen: in den Standard-T\u00e4nzen: 1975: Helga Volpe &#8211; Angelo Volpe 1976: Helga Volpe &#8211; Angelo Volpe 1977: Helga Volpe &#8211; Angelo Volpe 1983: Karin Schl\u00fcter &#8211; Michael Herdlitzka 1984: Karin Schl\u00fcter &#8211; Michael Herdlitzka 1998: Agnes Twaroch &#8211; Christian Krenthaller 1999: Agnes Twaroch &#8211; Christian Krenthaller 2000: Agnes Twaroch &#8211; Christian Krenthaller 2012: Steffanie Krausz &#8211; Markus Hackl 2013: Steffanie Krausz &#8211; Markus Hackl in der Kombination (10-T\u00e4nze): 1982: Karin Schl\u00fcter &#8211; Michael Herdlitzka 1983: Karin Schl\u00fcter &#8211; Michael Herdlitzka 1984: Karin Schl\u00fcter &#8211; Michael Herdlitzka 2012: Steffanie Krausz &#8211; Markus Hackl 2013: Steffanie Krausz &#8211; Markus Hackl 2014: Steffanie Krausz &#8211; Markus Hackl 2019: Karina Shpakovskaya &#8211; Andrii Kamyshnyi in den Lateinamerikanischen T\u00e4nzen: 2014: Katharina W\u00fcrrer &#8211; Gustavs Ernests Arjas 2015: Katharina W\u00fcrrer &#8211; Gustavs Ernests Arjas 2016: Katharina W\u00fcrrer &#8211; Gustavs Ernests Arjas 2017: Katharina W\u00fcrrer &#8211; Gustavs Ernests Arjas 2018: Katharina W\u00fcrrer &#8211; Gustavs Ernests Arjas<\/p>\n","protected":false},"author":1,"featured_media":0,"parent":22,"menu_order":0,"comment_status":"closed","ping_status":"closed","template":"","meta":{"footnotes":""},"class_list":["post-47","page","type-page","status-publish","hentry"],"_links":{"self":[{"href":"https:\/\/www.tsk-imperialwien.at\/index.php?rest_route=\/wp\/v2\/pages\/47","targetHints":{"allow":["GET"]}}],"collection":[{"href":"https:\/\/www.tsk-imperialwien.at\/index.php?rest_route=\/wp\/v2\/pages"}],"about":[{"href":"https:\/\/www.tsk-imperialwien.at\/index.php?rest_route=\/wp\/v2\/types\/page"}],"author":[{"embeddable":true,"href":"https:\/\/www.tsk-imperialwien.at\/index.php?rest_route=\/wp\/v2\/users\/1"}],"replies":[{"embeddable":true,"href":"https:\/\/www.tsk-imperialwien.at\/index.php?rest_route=%2Fwp%2Fv2%2Fcomments&post=47"}],"version-history":[{"count":15,"href":"https:\/\/www.tsk-imperialwien.at\/index.php?rest_route=\/wp\/v2\/pages\/47\/revisions"}],"predecessor-version":[{"id":4395,"href":"https:\/\/www.tsk-imperialwien.at\/index.php?rest_route=\/wp\/v2\/pages\/47\/revisions\/4395"}],"up":[{"embeddable":true,"href":"https:\/\/www.tsk-imperialwien.at\/index.php?rest_route=\/wp\/v2\/pages\/22"}],"wp:attachment":[{"href":"https:\/\/www.tsk-imperialwien.at\/index.php?rest_route=%2Fwp%2Fv2%2Fmedia&parent=47"}],"curies":[{"name":"wp","href":"https:\/\/api.w.org\/{rel}","templated":true}]}}