{"id":4158,"date":"2020-05-31T14:24:11","date_gmt":"2020-05-31T12:24:11","guid":{"rendered":"http:\/\/www.tsk-imperialwien.at\/?page_id=4158"},"modified":"2020-05-31T19:58:39","modified_gmt":"2020-05-31T17:58:39","slug":"wie-uebertrage-ich-einen-im-falschen-kalender-eingetragenen-termin-in-einen-anderen-kalender","status":"publish","type":"page","link":"https:\/\/www.tsk-imperialwien.at\/?page_id=4158","title":{"rendered":"Wie \u00fcbertrage ich einen, im falschen Kalender, eingetragenen Termin in einen anderen Kalender?"},"content":{"rendered":"<p>Diese Anleitung ist f\u00fcr Einsteiger in das Google-Kalendersystem gedacht.<\/p>\n<p>[expand title=&#8220;%(%b style=&#8217;color: greenyellow; font-size: x-large;&#8217;%)%HIER ANKLICKEN UM ZUR ANLEITUNG F\u00dcR DEN PC ZU KOMMEN%(%\/b%)%&#8220; rel=&#8220;kalender&#8220; notitle=&#8220;true&#8220;]<br \/>\nKlickt den falsch eingetragenen Termin einmal an. Es \u00f6ffnet sich ein kleines Infofenster:<\/p>\n<p><img decoding=\"async\" src=\"https:\/\/www.tsk-imperialwien.at\/wp-content\/uploads\/2020\/05\/Falscher-Kalender-Infofenster.jpg\" alt=\"Google-Kalender: Falscher Kalender - Infofenster\" class=\"wp-image-4120\"><\/p>\n<p>Der Termin wurde im Beispiel im Kalender &#8222;Unsere Welt&#8220; gespeichert (Durch die rote Kennzeichnung hervorgehoben). Er sollte aber in den Kalender &#8222;Gro\u00dfer Saal &#8211; Belegung&#8220; kommen (Durch die gr\u00fcne Kennzeichnung hervorgehoben):<\/p>\n<p><img decoding=\"async\" src=\"https:\/\/www.tsk-imperialwien.at\/wp-content\/uploads\/2020\/05\/Falscher-Kalender-Erkennen.jpg\" alt=\"Google-Kalender: Falscher Kalender Erkennen\" class=\"wp-image-4121\"><\/p>\n<p>Um diesen falschen Eintrag zu bearbeiten jetzt einfach das, durch den roten Pfeil hervorgehobene, Stift-Symbol anklicken:<\/p>\n<p><img decoding=\"async\" src=\"https:\/\/www.tsk-imperialwien.at\/wp-content\/uploads\/2020\/05\/Falscher-Kalender-Bearbeiten.jpg\" alt=\"Google-Kalender: Falscher Kalender Bearbeiten\" class=\"wp-image-4125\"><\/p>\n<p>Durch das Anklicken zum Bearbeiten gelangt man auf zur entsprechenden Seite. Im unteren Teil auf der linken Seite findet Ihr den eingestellten Kalender des Termins (Durch die rote Kennzeichnung hervorgehoben):<\/p>\n<p><img decoding=\"async\" src=\"https:\/\/www.tsk-imperialwien.at\/wp-content\/uploads\/2020\/05\/Falscher-Kalender-Bearbeitung.jpg\" alt=\"Google-Kalender: Falscher Kalender Bearbeitung\" class=\"wp-image-4127\"><\/p>\n<p>Um den Kalender zu \u00f6ffnen neben dem aktuellen Kalender auf den kleinen Pfeil nach unten klicken (Durch den roten Pfeil hervorgehoben):<\/p>\n<p><img decoding=\"async\" src=\"https:\/\/www.tsk-imperialwien.at\/wp-content\/uploads\/2020\/05\/Falscher-Kalender-Auswahl-\u00f6ffnen.jpg\" alt=\"Google-Kalender: Falscher Kalender Auswahl \u00f6ffnen\" class=\"wp-image-4127\"><\/p>\n<p>In der Auswahl erscheinen nun die zur Verf\u00fcgung stehenden Kalender. Hier jetzt durch Anklicken den gew\u00fcnschten ausw\u00e4hlen:<\/p>\n<p><img decoding=\"async\" src=\"https:\/\/www.tsk-imperialwien.at\/wp-content\/uploads\/2020\/05\/Falscher-Kalender-Auswahl.jpg\" alt=\"Google-Kalender: Falscher Kalender Auswahl\" class=\"wp-image-4127\"><\/p>\n<p>Jetzt den ge\u00e4nderten Termin nur mehr durch Anklicken der entsprechenden Schaltfl\u00e4che (Durch rote Markierung hervorgehoben) speichern:<\/p>\n<p><img decoding=\"async\" src=\"https:\/\/www.tsk-imperialwien.at\/wp-content\/uploads\/2020\/05\/Falscher-Kalender-Speichern.jpg\" alt=\"Google-Kalender: Falscher Kalender Speichern\" class=\"wp-image-4127\"><\/p>\n<p>Nun sollte Euer Termin im richtigen Kalender eingetragen sein.<br \/>\n[\/expand]<\/p>\n<hr>\n<p>[expand title=&#8220;%(%b style=&#8217;color: greenyellow; font-size: x-large;&#8217;%)%HIER ANKLICKEN UM ZUR ANLEITUNG F\u00dcR DAS HANDY ZU KOMMEN%(%\/b%)%&#8220; rel=&#8220;kalender&#8220; notitle=&#8220;true&#8220;]<br \/>\nAls Beispiel dient das Apple iPhone. F\u00fcr Android oder andere Handy-Betriebssysteme sollte das sehr \u00e4hnlich aussehen und wird daher nicht extra behandelt.<\/p>\n<p>Pers\u00f6nlich ist es mir nicht gelungen am Handy (oder am Tablet) den Termin einfach in einen anderen Kalender zu verschieben. Daher beschreibe ich hier den Weg der zumindest f\u00fcr den Club das gew\u00fcnschte Ergebnis bringt.<br \/>\nIch lerne aber gerne dazu: Wer kann mir den Weg sagen um den Termin direkt zu verschieben? Bitte bei mir melden.<\/p>\n<hr>\n<p>Klickt den falsch eingetragenen Termin einmal an. Es \u00f6ffnet sich das zugeh\u00f6rige Infofenster:<\/p>\n<p><img decoding=\"async\" src=\"https:\/\/www.tsk-imperialwien.at\/wp-content\/uploads\/2020\/05\/Falscher-Kalender-Infofenster-Handy.jpg\" alt=\"Google-Kalender: Falscher Kalender Handy\" class=\"wp-image-4120\" width=\"300px\"><\/p>\n<p>Im rot hervorgehobenen Bereich seht Ihr, in welchem Kalender der Termin eingetragen ist. Wenn der Termin im Kalender &#8222;Gro\u00dfer Saal &#8211; Belegung&#8220; eingetragen sein sollte, dann sollte das hier auch stehen. Im Beispiel seht Ihr, dass hier der Termin im pers\u00f6nlichen Kalender des Benutzers, dargestellt durch seines Benutzernamen, eingetragen ist:<\/p>\n<p><img decoding=\"async\" src=\"https:\/\/www.tsk-imperialwien.at\/wp-content\/uploads\/2020\/05\/Falscher-Kalender-Erkennen-Handy.jpg\" alt=\"Google-Kalender: Falscher Kalender Erkennen Handy\" class=\"wp-image-4120\" width=\"300px\"><\/p>\n<p>Um diesen falschen Eintrag zu bearbeiten jetzt auf die drei Punkte klicken (Durch den roten Pfeil hervorgehoben):<\/p>\n<p><img decoding=\"async\" src=\"https:\/\/www.tsk-imperialwien.at\/wp-content\/uploads\/2020\/05\/Falscher-Kalender-Bearbeiten-Handy2.jpg\" alt=\"Google-Kalender: Falscher Kalender Bearbeiten Handy\" class=\"wp-image-4125\" width=\"300px\"><\/p>\n<p>Auf der nun erscheinenden Seite erscheinen am unteren Rand die m\u00f6glichen Bearbeitungspunkte. Wir wollen jetzt den Termin in den richtigen Kalender kopieren. Dazu die Zeile &#8222;Kopieren in &#8230;&#8220; (Durch rote Markierung hervorgehoben) ausw\u00e4hlen und anklicken:<\/p>\n<p><img decoding=\"async\" src=\"https:\/\/www.tsk-imperialwien.at\/wp-content\/uploads\/2020\/05\/Falscher-Kalender-Bearbeitung-Handy2.jpg\" alt=\"Google-Kalender: Falscher Kalender Bearbeitung\" class=\"wp-image-4127\" width=\"300px\"><\/p>\n<p>In der nun erscheinenden Liste der zur Verf\u00fcgung stehenden Kalender den richtigen ausw\u00e4hlen (z.B. den, durch die rote Markierung hervorgehobenen):<\/p>\n<p><img decoding=\"async\" src=\"https:\/\/www.tsk-imperialwien.at\/wp-content\/uploads\/2020\/05\/Falscher-Kalender-Auswahl-Handy.jpg\" alt=\"Google-Kalender: Falscher Kalender Auswahl\" class=\"wp-image-4127\" width=\"300px\"><\/p>\n<p>Die Details des Termins werden wieder angezeigt und der neu gew\u00e4hlte Kalender dargestellt (Durch die gr\u00fcne Markierung hervorgehoben). Jetzt den ge\u00e4nderten Termin nur mehr durch Anklicken der entsprechenden Schaltfl\u00e4che (Durch rote Markierung hervorgehoben) speichern:<\/p>\n<p><img decoding=\"async\" src=\"https:\/\/www.tsk-imperialwien.at\/wp-content\/uploads\/2020\/05\/Falscher-Kalender-Speichern-Handy.jpg\" alt=\"Google-Kalender: Falscher Kalender Speichern\" class=\"wp-image-4127\" width=\"300px\"><\/p>\n<p>Ihr werdet den Termin jetzt in Euren Kalendern doppelt sehen. Wir anderen sehen ihn aber nur einmal. Ihr k\u00f6nnt bei Euch im pers\u00f6nlichen Kalender den Eintrag dann aber nat\u00fcrlich auch wieder l\u00f6schen.<br \/>\n[\/expand]<\/p>\n","protected":false},"excerpt":{"rendered":"<p>Diese Anleitung ist f\u00fcr Einsteiger in das Google-Kalendersystem gedacht. [expand title=&#8220;%(%b style=&#8217;color: greenyellow; font-size: x-large;&#8217;%)%HIER ANKLICKEN UM ZUR ANLEITUNG F\u00dcR DEN PC ZU KOMMEN%(%\/b%)%&#8220; rel=&#8220;kalender&#8220; notitle=&#8220;true&#8220;] Klickt den falsch eingetragenen Termin einmal an. Es \u00f6ffnet sich ein kleines Infofenster: Der Termin wurde im Beispiel im Kalender &#8222;Unsere Welt&#8220; gespeichert (Durch die rote Kennzeichnung hervorgehoben). Er sollte aber in den Kalender &#8222;Gro\u00dfer Saal &#8211; Belegung&#8220; kommen (Durch die gr\u00fcne Kennzeichnung hervorgehoben): Um diesen falschen Eintrag zu bearbeiten jetzt einfach das, durch den roten Pfeil hervorgehobene, Stift-Symbol anklicken: Durch das Anklicken zum Bearbeiten gelangt man auf zur entsprechenden Seite. Im unteren Teil auf der linken Seite findet Ihr den eingestellten Kalender des Termins (Durch die rote Kennzeichnung hervorgehoben): Um den Kalender zu \u00f6ffnen neben dem aktuellen Kalender auf den kleinen Pfeil nach unten klicken (Durch den roten Pfeil hervorgehoben): In der Auswahl erscheinen nun die zur Verf\u00fcgung stehenden Kalender. Hier jetzt durch Anklicken den gew\u00fcnschten ausw\u00e4hlen: Jetzt den ge\u00e4nderten Termin nur mehr durch Anklicken der entsprechenden Schaltfl\u00e4che (Durch rote Markierung hervorgehoben) speichern: Nun sollte Euer Termin im richtigen Kalender eingetragen sein. [\/expand] [expand title=&#8220;%(%b style=&#8217;color: greenyellow; font-size: x-large;&#8217;%)%HIER ANKLICKEN UM ZUR ANLEITUNG F\u00dcR DAS HANDY ZU KOMMEN%(%\/b%)%&#8220; rel=&#8220;kalender&#8220; notitle=&#8220;true&#8220;] Als Beispiel dient [&hellip;]<\/p>\n","protected":false},"author":1,"featured_media":0,"parent":0,"menu_order":0,"comment_status":"closed","ping_status":"closed","template":"","meta":{"footnotes":""},"class_list":["post-4158","page","type-page","status-publish","hentry"],"_links":{"self":[{"href":"https:\/\/www.tsk-imperialwien.at\/index.php?rest_route=\/wp\/v2\/pages\/4158","targetHints":{"allow":["GET"]}}],"collection":[{"href":"https:\/\/www.tsk-imperialwien.at\/index.php?rest_route=\/wp\/v2\/pages"}],"about":[{"href":"https:\/\/www.tsk-imperialwien.at\/index.php?rest_route=\/wp\/v2\/types\/page"}],"author":[{"embeddable":true,"href":"https:\/\/www.tsk-imperialwien.at\/index.php?rest_route=\/wp\/v2\/users\/1"}],"replies":[{"embeddable":true,"href":"https:\/\/www.tsk-imperialwien.at\/index.php?rest_route=%2Fwp%2Fv2%2Fcomments&post=4158"}],"version-history":[{"count":7,"href":"https:\/\/www.tsk-imperialwien.at\/index.php?rest_route=\/wp\/v2\/pages\/4158\/revisions"}],"predecessor-version":[{"id":4187,"href":"https:\/\/www.tsk-imperialwien.at\/index.php?rest_route=\/wp\/v2\/pages\/4158\/revisions\/4187"}],"wp:attachment":[{"href":"https:\/\/www.tsk-imperialwien.at\/index.php?rest_route=%2Fwp%2Fv2%2Fmedia&parent=4158"}],"curies":[{"name":"wp","href":"https:\/\/api.w.org\/{rel}","templated":true}]}}