{"id":4117,"date":"2020-05-31T11:37:40","date_gmt":"2020-05-31T09:37:40","guid":{"rendered":"http:\/\/www.tsk-imperialwien.at\/?page_id=4117"},"modified":"2025-01-17T11:26:52","modified_gmt":"2025-01-17T10:26:52","slug":"wie-kann-ich-ueberpruefen-ob-ein-termin-im-richtigen-kalender-eingetragen-ist","status":"publish","type":"page","link":"https:\/\/www.tsk-imperialwien.at\/?page_id=4117","title":{"rendered":"Wie kann ich \u00fcberpr\u00fcfen ob ein Termin im richtigen Kalender eingetragen ist?"},"content":{"rendered":"<p>Diese Anleitung ist f\u00fcr Einsteiger in das Google-Kalendersystem gedacht.<\/p>\n<p>Am PC solltet Ihr beim Einstieg in den Kalender in etwa folgendes Bild sehen:<\/p>\n<p><img loading=\"lazy\" decoding=\"async\" width=\"1024\" height=\"624\" src=\"https:\/\/www.tsk-imperialwien.at\/wp-content\/uploads\/2020\/05\/Start-Ansicht-1024x624.jpg\" alt=\"Google-Kalender: Startansicht\" class=\"wp-image-4120\" srcset=\"https:\/\/www.tsk-imperialwien.at\/wp-content\/uploads\/2020\/05\/Start-Ansicht-1024x624.jpg 1024w, https:\/\/www.tsk-imperialwien.at\/wp-content\/uploads\/2020\/05\/Start-Ansicht-300x183.jpg 300w, https:\/\/www.tsk-imperialwien.at\/wp-content\/uploads\/2020\/05\/Start-Ansicht-768x468.jpg 768w, https:\/\/www.tsk-imperialwien.at\/wp-content\/uploads\/2020\/05\/Start-Ansicht-1536x936.jpg 1536w, https:\/\/www.tsk-imperialwien.at\/wp-content\/uploads\/2020\/05\/Start-Ansicht-197x120.jpg 197w, https:\/\/www.tsk-imperialwien.at\/wp-content\/uploads\/2020\/05\/Start-Ansicht.jpg 1920w\" sizes=\"auto, (max-width: 1024px) 100vw, 1024px\" \/><\/p>\n<p>In der linken Spalte findet Ihr die, Eurem Google-Benutzer zugeordneten Kalender unter der \u00dcberschrift &#8222;Meine Kalender&#8220;:<\/p>\n<p><img loading=\"lazy\" decoding=\"async\" width=\"378\" height=\"418\" src=\"https:\/\/www.tsk-imperialwien.at\/wp-content\/uploads\/2020\/05\/Meine-Kalender.jpg\" alt=\"Google-Kalender: Meine Kalender\" class=\"wp-image-4121\" srcset=\"https:\/\/www.tsk-imperialwien.at\/wp-content\/uploads\/2020\/05\/Meine-Kalender.jpg 378w, https:\/\/www.tsk-imperialwien.at\/wp-content\/uploads\/2020\/05\/Meine-Kalender-271x300.jpg 271w, https:\/\/www.tsk-imperialwien.at\/wp-content\/uploads\/2020\/05\/Meine-Kalender-109x120.jpg 109w\" sizes=\"auto, (max-width: 378px) 100vw, 378px\" \/><\/p>\n<p>Wenn Ihr \u00fcberpr\u00fcfen wollt, ob Euer eingetragener Termin im Kalessnder &#8222;Gro\u00dfer Saal &#8211; Belegung&#8220; gespeichert ist, dann entfernt bitte alle H\u00e4kchen im Bereich &#8222;Meine Kalender&#8220; bei den anderen Kalendern:<\/p>\n<p><img loading=\"lazy\" decoding=\"async\" width=\"378\" height=\"418\" src=\"https:\/\/www.tsk-imperialwien.at\/wp-content\/uploads\/2020\/05\/Gro\u00dfer-Saal.jpg\" alt=\"Google-Kalender: Gro\u00dfer Saal ausgew\u00e4hlt\" class=\"wp-image-4125\" srcset=\"https:\/\/www.tsk-imperialwien.at\/wp-content\/uploads\/2020\/05\/Gro\u00dfer-Saal.jpg 378w, https:\/\/www.tsk-imperialwien.at\/wp-content\/uploads\/2020\/05\/Gro\u00dfer-Saal-271x300.jpg 271w, https:\/\/www.tsk-imperialwien.at\/wp-content\/uploads\/2020\/05\/Gro\u00dfer-Saal-109x120.jpg 109w\" sizes=\"auto, (max-width: 378px) 100vw, 378px\" \/><\/p>\n<p>Nun werden in der Kalenderansicht nur mehr Termine angezeigt, die im Kalender &#8222;Gro\u00dfer Saal-Belegung&#8220; eingetragen sind:<\/p>\n<p><img loading=\"lazy\" decoding=\"async\" width=\"1024\" height=\"624\" src=\"https:\/\/www.tsk-imperialwien.at\/wp-content\/uploads\/2020\/05\/Gro\u00dfer-Saal-Ansicht-1024x624.jpg\" alt=\"Google-Kalender: Ansicht nur Gro\u00dfer-Saal\" class=\"wp-image-4127\" srcset=\"https:\/\/www.tsk-imperialwien.at\/wp-content\/uploads\/2020\/05\/Gro\u00dfer-Saal-Ansicht-1024x624.jpg 1024w, https:\/\/www.tsk-imperialwien.at\/wp-content\/uploads\/2020\/05\/Gro\u00dfer-Saal-Ansicht-300x183.jpg 300w, https:\/\/www.tsk-imperialwien.at\/wp-content\/uploads\/2020\/05\/Gro\u00dfer-Saal-Ansicht-768x468.jpg 768w, https:\/\/www.tsk-imperialwien.at\/wp-content\/uploads\/2020\/05\/Gro\u00dfer-Saal-Ansicht-1536x936.jpg 1536w, https:\/\/www.tsk-imperialwien.at\/wp-content\/uploads\/2020\/05\/Gro\u00dfer-Saal-Ansicht-197x120.jpg 197w, https:\/\/www.tsk-imperialwien.at\/wp-content\/uploads\/2020\/05\/Gro\u00dfer-Saal-Ansicht.jpg 1920w\" sizes=\"auto, (max-width: 1024px) 100vw, 1024px\" \/><\/p>\n<p>Wenn Ihr nun Eure Termine im Kalender noch seht, dann ist alles in Ordnung. Sind Eure Termine jetzt verschwunden, dann sind sie in einem falschen Kalender eingetragen und Ihr solltet Ihr den folgenden Link anklicken und den dortigen Anweisungen folgen:<\/p>\n<p><a href=\"https:\/\/www.tsk-imperialwien.at\/?page_id=4118\" target=\"_blank\" rel=\"noopener noreferrer\">WIE \u00dcBERTRAGE ICH EINEN, IM FALSCHEN KALENDER EINGETRAGENEN TERMIN IN EINEN ANDEREN KALENDER?<\/a><\/p>\n<p>Als Beispiel dient das Apple iPhone. F\u00fcr Android oder andere Handy-Betriebssysteme sollte das sehr \u00e4hnlich aussehen und wird daher nicht extra behandelt.<\/p>\n<hr \/>\n<p>Am Handy solltet Ihr beim Einstieg in den Kalender in etwa folgendes Bild sehen:<\/p>\n<p><img decoding=\"async\" src=\"https:\/\/www.tsk-imperialwien.at\/wp-content\/uploads\/2020\/05\/Start-Ansicht-Handy.jpg\" alt=\"Google-Kalender: Startansicht-Handy\" class=\"wp-image-4120\" width=\"300px\" \/><\/p>\n<p>\u00d6ffnet die Einstellungsspalte durch Anklicken des mit dem roten Pfeil markierten Symbols:<\/p>\n<p><img decoding=\"async\" src=\"https:\/\/www.tsk-imperialwien.at\/wp-content\/uploads\/2020\/05\/\u00d6ffnen-Einstellungen-Handy.jpg\" alt=\"Google-Kalender: Einstellungen am Handy \u00f6ffnen\" class=\"wp-image-4120\" width=\"300px\" \/><\/p>\n<p>In der linken Spalte findet Ihr die, Eurem Google-Benutzer zugeordneten Kalender unter der \u00dcberschrift mit Eurem angemeldeten Benutzer:<\/p>\n<p><img decoding=\"async\" src=\"https:\/\/www.tsk-imperialwien.at\/wp-content\/uploads\/2020\/05\/Einstellungen-Handy.jpg\" alt=\"Google-Kalender: Einstellungen Handy\" class=\"wp-image-4121\" width=\"300px\" \/><\/p>\n<p>Wenn Ihr \u00fcberpr\u00fcfen wollt, ob Euer eingetragener Termin im Kalender &#8222;Gro\u00dfer Saal &#8211; Belegung&#8220; gespeichert ist, dann entfernt bitte alle H\u00e4kchen in diesem Bereich bei den anderen Kalendern:<\/p>\n<p><img decoding=\"async\" src=\"https:\/\/www.tsk-imperialwien.at\/wp-content\/uploads\/2020\/05\/Gro\u00dfer-Saal-Handy.jpg\" alt=\"Google-Kalender: Gro\u00dfer Saal ausgew\u00e4hlt\" class=\"wp-image-4125\" width=\"300px\" \/><\/p>\n<p>Nun werden in der Kalenderansicht nur mehr Termine angezeigt, die im Kalender &#8222;Gro\u00dfer Saal-Belegung&#8220; eingetragen sind:<\/p>\n<p><img decoding=\"async\" src=\"https:\/\/www.tsk-imperialwien.at\/wp-content\/uploads\/2020\/05\/Gro\u00dfer-Saal-Ansicht-Handy.jpg\" alt=\"Google-Kalender: Ansicht nur Gro\u00dfer-Saal\" class=\"wp-image-4127\" width=\"300px\" \/><\/p>\n<p>Wenn Ihr nun Eure Termine im Kalender noch seht, dann ist alles in Ordnung. Sind Eure Termine jetzt verschwunden, dann sind sie in einem falschen Kalender eingetragen und Ihr solltet Ihr den folgenden Link anklicken und den dortigen Anweisungen folgen:<\/p>\n<p><a href=\"https:\/\/www.tsk-imperialwien.at\/?page_id=4158\" target=\"_blank\" rel=\"noopener noreferrer\">WIE \u00dcBERTRAGE ICH EINEN, IM FALSCHEN KALENDER EINGETRAGENEN TERMIN IN EINEN ANDEREN KALENDER?<\/a><\/p>\n","protected":false},"excerpt":{"rendered":"<p>Diese Anleitung ist f\u00fcr Einsteiger in das Google-Kalendersystem gedacht. Am PC solltet Ihr beim Einstieg in den Kalender in etwa folgendes Bild sehen: In der linken Spalte findet Ihr die, Eurem Google-Benutzer zugeordneten Kalender unter der \u00dcberschrift &#8222;Meine Kalender&#8220;: Wenn Ihr \u00fcberpr\u00fcfen wollt, ob Euer eingetragener Termin im Kalessnder &#8222;Gro\u00dfer Saal &#8211; Belegung&#8220; gespeichert ist, dann entfernt bitte alle H\u00e4kchen im Bereich &#8222;Meine Kalender&#8220; bei den anderen Kalendern: Nun werden in der Kalenderansicht nur mehr Termine angezeigt, die im Kalender &#8222;Gro\u00dfer Saal-Belegung&#8220; eingetragen sind: Wenn Ihr nun Eure Termine im Kalender noch seht, dann ist alles in Ordnung. Sind Eure Termine jetzt verschwunden, dann sind sie in einem falschen Kalender eingetragen und Ihr solltet Ihr den folgenden Link anklicken und den dortigen Anweisungen folgen: WIE \u00dcBERTRAGE ICH EINEN, IM FALSCHEN KALENDER EINGETRAGENEN TERMIN IN EINEN ANDEREN KALENDER? Als Beispiel dient das Apple iPhone. F\u00fcr Android oder andere Handy-Betriebssysteme sollte das sehr \u00e4hnlich aussehen und wird daher nicht extra behandelt. Am Handy solltet Ihr beim Einstieg in den Kalender in etwa folgendes Bild sehen: \u00d6ffnet die Einstellungsspalte durch Anklicken des mit dem roten Pfeil markierten Symbols: In der linken Spalte findet Ihr die, Eurem Google-Benutzer zugeordneten Kalender unter der \u00dcberschrift mit [&hellip;]<\/p>\n","protected":false},"author":1,"featured_media":0,"parent":0,"menu_order":0,"comment_status":"closed","ping_status":"closed","template":"","meta":{"footnotes":""},"class_list":["post-4117","page","type-page","status-publish","hentry"],"_links":{"self":[{"href":"https:\/\/www.tsk-imperialwien.at\/index.php?rest_route=\/wp\/v2\/pages\/4117","targetHints":{"allow":["GET"]}}],"collection":[{"href":"https:\/\/www.tsk-imperialwien.at\/index.php?rest_route=\/wp\/v2\/pages"}],"about":[{"href":"https:\/\/www.tsk-imperialwien.at\/index.php?rest_route=\/wp\/v2\/types\/page"}],"author":[{"embeddable":true,"href":"https:\/\/www.tsk-imperialwien.at\/index.php?rest_route=\/wp\/v2\/users\/1"}],"replies":[{"embeddable":true,"href":"https:\/\/www.tsk-imperialwien.at\/index.php?rest_route=%2Fwp%2Fv2%2Fcomments&post=4117"}],"version-history":[{"count":28,"href":"https:\/\/www.tsk-imperialwien.at\/index.php?rest_route=\/wp\/v2\/pages\/4117\/revisions"}],"predecessor-version":[{"id":4499,"href":"https:\/\/www.tsk-imperialwien.at\/index.php?rest_route=\/wp\/v2\/pages\/4117\/revisions\/4499"}],"wp:attachment":[{"href":"https:\/\/www.tsk-imperialwien.at\/index.php?rest_route=%2Fwp%2Fv2%2Fmedia&parent=4117"}],"curies":[{"name":"wp","href":"https:\/\/api.w.org\/{rel}","templated":true}]}}