{"id":289,"date":"2015-03-13T14:05:13","date_gmt":"2015-03-13T12:05:13","guid":{"rendered":"http:\/\/www.tsk-imperialwien.at\/?page_id=289"},"modified":"2015-03-13T14:05:13","modified_gmt":"2015-03-13T12:05:13","slug":"administration-2","status":"publish","type":"page","link":"https:\/\/www.tsk-imperialwien.at\/?page_id=289","title":{"rendered":"Administration"},"content":{"rendered":"<p>Hier werden in K\u00fcrze f\u00fcr die Administratoren Funktionen zur Verf\u00fcgung stehen.<\/p>\n","protected":false},"excerpt":{"rendered":"<p>Hier werden in K\u00fcrze f\u00fcr die Administratoren Funktionen zur Verf\u00fcgung stehen.<\/p>\n","protected":false},"author":1,"featured_media":0,"parent":0,"menu_order":0,"comment_status":"closed","ping_status":"closed","template":"","meta":{"footnotes":""},"class_list":["post-289","page","type-page","status-publish","hentry"],"_links":{"self":[{"href":"https:\/\/www.tsk-imperialwien.at\/index.php?rest_route=\/wp\/v2\/pages\/289","targetHints":{"allow":["GET"]}}],"collection":[{"href":"https:\/\/www.tsk-imperialwien.at\/index.php?rest_route=\/wp\/v2\/pages"}],"about":[{"href":"https:\/\/www.tsk-imperialwien.at\/index.php?rest_route=\/wp\/v2\/types\/page"}],"author":[{"embeddable":true,"href":"https:\/\/www.tsk-imperialwien.at\/index.php?rest_route=\/wp\/v2\/users\/1"}],"replies":[{"embeddable":true,"href":"https:\/\/www.tsk-imperialwien.at\/index.php?rest_route=%2Fwp%2Fv2%2Fcomments&post=289"}],"version-history":[{"count":1,"href":"https:\/\/www.tsk-imperialwien.at\/index.php?rest_route=\/wp\/v2\/pages\/289\/revisions"}],"predecessor-version":[{"id":290,"href":"https:\/\/www.tsk-imperialwien.at\/index.php?rest_route=\/wp\/v2\/pages\/289\/revisions\/290"}],"wp:attachment":[{"href":"https:\/\/www.tsk-imperialwien.at\/index.php?rest_route=%2Fwp%2Fv2%2Fmedia&parent=289"}],"curies":[{"name":"wp","href":"https:\/\/api.w.org\/{rel}","templated":true}]}}