{"id":202,"date":"2015-02-20T15:04:42","date_gmt":"2015-02-20T13:04:42","guid":{"rendered":"http:\/\/www.tsk-imperialwien.at\/?page_id=202"},"modified":"2015-03-03T15:59:54","modified_gmt":"2015-03-03T13:59:54","slug":"administration","status":"publish","type":"page","link":"https:\/\/www.tsk-imperialwien.at\/?page_id=202","title":{"rendered":"pers\u00f6nliche Daten"},"content":{"rendered":"<p>Hier werden dann alle f\u00fcr den aktuellen Benutzer m\u00f6glichen Aktivit\u00e4ten aufrufbar sein.<\/p>\n","protected":false},"excerpt":{"rendered":"<p>Hier werden dann alle f\u00fcr den aktuellen Benutzer m\u00f6glichen Aktivit\u00e4ten aufrufbar sein.<\/p>\n","protected":false},"author":1,"featured_media":0,"parent":22,"menu_order":0,"comment_status":"closed","ping_status":"closed","template":"","meta":{"footnotes":""},"class_list":["post-202","page","type-page","status-publish","hentry"],"_links":{"self":[{"href":"https:\/\/www.tsk-imperialwien.at\/index.php?rest_route=\/wp\/v2\/pages\/202","targetHints":{"allow":["GET"]}}],"collection":[{"href":"https:\/\/www.tsk-imperialwien.at\/index.php?rest_route=\/wp\/v2\/pages"}],"about":[{"href":"https:\/\/www.tsk-imperialwien.at\/index.php?rest_route=\/wp\/v2\/types\/page"}],"author":[{"embeddable":true,"href":"https:\/\/www.tsk-imperialwien.at\/index.php?rest_route=\/wp\/v2\/users\/1"}],"replies":[{"embeddable":true,"href":"https:\/\/www.tsk-imperialwien.at\/index.php?rest_route=%2Fwp%2Fv2%2Fcomments&post=202"}],"version-history":[{"count":2,"href":"https:\/\/www.tsk-imperialwien.at\/index.php?rest_route=\/wp\/v2\/pages\/202\/revisions"}],"predecessor-version":[{"id":259,"href":"https:\/\/www.tsk-imperialwien.at\/index.php?rest_route=\/wp\/v2\/pages\/202\/revisions\/259"}],"up":[{"embeddable":true,"href":"https:\/\/www.tsk-imperialwien.at\/index.php?rest_route=\/wp\/v2\/pages\/22"}],"wp:attachment":[{"href":"https:\/\/www.tsk-imperialwien.at\/index.php?rest_route=%2Fwp%2Fv2%2Fmedia&parent=202"}],"curies":[{"name":"wp","href":"https:\/\/api.w.org\/{rel}","templated":true}]}}